{"id":193,"date":"2021-10-14T17:55:37","date_gmt":"2021-10-14T15:55:37","guid":{"rendered":"https:\/\/www.canoe-jaunay.fr\/?page_id=193"},"modified":"2021-11-09T17:06:16","modified_gmt":"2021-11-09T16:06:16","slug":"setting-and-location","status":"publish","type":"page","link":"https:\/\/www.canoe-jaunay.fr\/en\/setting-and-location\/","title":{"rendered":"Setting and location"},"content":{"rendered":"\n<style type=\"text\/css\" data-created_by=\"avia_inline_auto\" id=\"style-css-av-adre9-ff38496a955953501bfa4bd68198118c\">\n.avia-section.av-adre9-ff38496a955953501bfa4bd68198118c{\nbackground-repeat:no-repeat;\nbackground-image:url(https:\/\/www.canoe-jaunay.fr\/wp-content\/uploads\/2021\/06\/bg-header-scaled.jpg);\nbackground-position:50% 100%;\nbackground-attachment:scroll;\n}\n<\/style>\n<div id='av_section_1'  class='avia-section av-adre9-ff38496a955953501bfa4bd68198118c main_color avia-section-default avia-no-border-styling  avia-builder-el-0  el_before_av_heading  avia-builder-el-first  avia-bg-style-scroll container_wrap sidebar_right'  data-section-bg-repeat='no-repeat'><div class='container av-section-cont-open' ><main  role=\"main\" itemprop=\"mainContentOfPage\"  class='template-page content  av-content-small alpha units'><div class='post-entry post-entry-type-page post-entry-193'><div class='entry-content-wrapper clearfix'>\n\n<style type=\"text\/css\" data-created_by=\"avia_inline_auto\" id=\"style-css-av-kuwfxh9d-2330a37da877f4cab9e101d41c5452f1\">\n#top .av-special-heading.av-kuwfxh9d-2330a37da877f4cab9e101d41c5452f1{\npadding-bottom:10px;\ncolor:#ffffff;\n}\nbody .av-special-heading.av-kuwfxh9d-2330a37da877f4cab9e101d41c5452f1 .av-special-heading-tag .heading-char{\nfont-size:25px;\n}\n.av-special-heading.av-kuwfxh9d-2330a37da877f4cab9e101d41c5452f1 .special-heading-inner-border{\nborder-color:#ffffff;\n}\n.av-special-heading.av-kuwfxh9d-2330a37da877f4cab9e101d41c5452f1 .av-subheading{\nfont-size:15px;\n}\n<\/style>\n<div  class='av-special-heading av-kuwfxh9d-2330a37da877f4cab9e101d41c5452f1 av-special-heading-h1 custom-color-heading blockquote modern-quote  avia-builder-el-1  avia-builder-el-no-sibling '><h1 class='av-special-heading-tag '  itemprop=\"headline\"  >Setting and location<\/h1><div class=\"special-heading-border\"><div class=\"special-heading-inner-border\"><\/div><\/div><\/div>\n<\/div><\/div><\/main><!-- close content main element --><\/div><\/div><div id='after_section_1'  class='main_color av_default_container_wrap container_wrap sidebar_right'  ><div class='container av-section-cont-open' ><div class='template-page content  av-content-small alpha units'><div class='post-entry post-entry-type-page post-entry-193'><div class='entry-content-wrapper clearfix'>\n\n<style type=\"text\/css\" data-created_by=\"avia_inline_auto\" id=\"style-css-av-5pikwx-a46458615b79a4cecab81f0da37f8e80\">\n#top .av-special-heading.av-5pikwx-a46458615b79a4cecab81f0da37f8e80{\npadding-bottom:10px;\ncolor:#d70c7a;\n}\nbody .av-special-heading.av-5pikwx-a46458615b79a4cecab81f0da37f8e80 .av-special-heading-tag .heading-char{\nfont-size:25px;\n}\n.av-special-heading.av-5pikwx-a46458615b79a4cecab81f0da37f8e80 .special-heading-inner-border{\nborder-color:#d70c7a;\n}\n.av-special-heading.av-5pikwx-a46458615b79a4cecab81f0da37f8e80 .av-subheading{\nfont-size:15px;\n}\n<\/style>\n<div  class='av-special-heading av-5pikwx-a46458615b79a4cecab81f0da37f8e80 av-special-heading-h1 custom-color-heading blockquote modern-quote modern-centered  avia-builder-el-2  el_after_av_section  el_before_av_hr  avia-builder-el-first '><h1 class='av-special-heading-tag '  itemprop=\"headline\"  >Canoe rental in Vend\u00e9e at Lac du Jaunay <\/h1><div class=\"special-heading-border\"><div class=\"special-heading-inner-border\"><\/div><\/div><\/div>\n\n<style type=\"text\/css\" data-created_by=\"avia_inline_auto\" id=\"style-css-av-5id22x-71cb666c6953e4acf0c433bc9eba1249\">\n#top .hr.hr-invisible.av-5id22x-71cb666c6953e4acf0c433bc9eba1249{\nheight:30px;\n}\n<\/style>\n<div  class='hr av-5id22x-71cb666c6953e4acf0c433bc9eba1249 hr-invisible  avia-builder-el-3  el_after_av_heading  el_before_av_one_half '><span class='hr-inner '><span class=\"hr-inner-style\"><\/span><\/span><\/div>\n\n<style type=\"text\/css\" data-created_by=\"avia_inline_auto\" id=\"style-css-av-5fj20h-be04442b31829ddca372c2f271b75da4\">\n.flex_column.av-5fj20h-be04442b31829ddca372c2f271b75da4{\nborder-radius:0px 0px 0px 0px;\npadding:0px 0px 0px 0px;\n}\n<\/style>\n<div  class='flex_column av-5fj20h-be04442b31829ddca372c2f271b75da4 av_one_half  avia-builder-el-4  el_after_av_hr  el_before_av_one_half  first flex_column_div av-zero-column-padding  '     ><p>\n<style type=\"text\/css\" data-created_by=\"avia_inline_auto\" id=\"style-css-av-55wovl-95cc715700b3096c0915a32ae6fc87c1\">\n#top .av-special-heading.av-55wovl-95cc715700b3096c0915a32ae6fc87c1{\npadding-bottom:10px;\nfont-size:20px;\n}\nbody .av-special-heading.av-55wovl-95cc715700b3096c0915a32ae6fc87c1 .av-special-heading-tag .heading-char{\nfont-size:25px;\n}\n#top #wrap_all .av-special-heading.av-55wovl-95cc715700b3096c0915a32ae6fc87c1 .av-special-heading-tag{\nfont-size:20px;\n}\n.av-special-heading.av-55wovl-95cc715700b3096c0915a32ae6fc87c1 .av-subheading{\nfont-size:15px;\n}\n\n@media only screen and (min-width: 480px) and (max-width: 767px){ \n#top #wrap_all .av-special-heading.av-55wovl-95cc715700b3096c0915a32ae6fc87c1 .av-special-heading-tag{\nfont-size:0.8em;\n}\n}\n\n@media only screen and (max-width: 479px){ \n#top #wrap_all .av-special-heading.av-55wovl-95cc715700b3096c0915a32ae6fc87c1 .av-special-heading-tag{\nfont-size:0.8em;\n}\n}\n<\/style>\n<div  class='av-special-heading av-55wovl-95cc715700b3096c0915a32ae6fc87c1 av-special-heading-h2 blockquote modern-quote  avia-builder-el-5  el_before_av_textblock  avia-builder-el-first  av-inherit-size'><h2 class='av-special-heading-tag '  itemprop=\"headline\"  >Improvise a trip in canoe or paddle boat<\/h2><div class=\"special-heading-border\"><div class=\"special-heading-inner-border\"><\/div><\/div><\/div><br \/>\n<section  class='av_textblock_section av-53e9h5-6b4ceea2e162ab31145080133586a224 '   itemscope=\"itemscope\" itemtype=\"https:\/\/schema.org\/CreativeWork\" ><div class='avia_textblock'  itemprop=\"text\" ><p>Located on the edge of the beautiful natural reserve of Lac du Jaunay in Vend\u00e9e, Les Cano\u00ebs du Jaunay offers trips with family or friends with <strong>the rental of canoes or pedal boats.<\/strong>.<\/p>\n<p>A resourcing trip at the heart of nature with an incredible fauna and flora. With its 114 acres of protected and preserved natural space, Lac du Jaunay is a real paradise for water sports activities. Les Cano\u00ebs du Jaunay welcomes you all summer, in this beautiful and vast area to enjoy a moment in canoes or pedal boats for 30min, 1hr or 2hrs.<\/p>\n<p>Reknown for its warm welcome, its relaxing space and the beauty of its landscapes, Les Cano\u00ebs du Jaunay offers the possibility of 6.5 km of rides around the beautiful lake. Treat yourself and enjoy being together in a unique environment&#8230;<\/p>\n<\/div><\/section><\/p><\/div>\n<style type=\"text\/css\" data-created_by=\"avia_inline_auto\" id=\"style-css-av-4w92zl-2727c46887706afde29ad7ba68a71aa4\">\n.flex_column.av-4w92zl-2727c46887706afde29ad7ba68a71aa4{\nborder-radius:0px 0px 0px 0px;\npadding:0px 0px 0px 0px;\n}\n<\/style>\n<div  class='flex_column av-4w92zl-2727c46887706afde29ad7ba68a71aa4 av_one_half  avia-builder-el-7  el_after_av_one_half  el_before_av_hr  flex_column_div av-zero-column-padding  '     ><section  class='av_textblock_section av-4nepkh-0758873d034d380d2c158b4b99fe8b93 '   itemscope=\"itemscope\" itemtype=\"https:\/\/schema.org\/CreativeWork\" ><div class='avia_textblock'  itemprop=\"text\" ><p><img loading=\"lazy\" decoding=\"async\" class=\"alignnone size-full wp-image-55\" src=\"..\/wp-content\/uploads\/2021\/06\/lac-1.jpg\" alt=\"\" width=\"1024\" height=\"682\" srcset=\"https:\/\/www.canoe-jaunay.fr\/wp-content\/uploads\/2021\/06\/lac-1.jpg 1024w, https:\/\/www.canoe-jaunay.fr\/wp-content\/uploads\/2021\/06\/lac-1-300x200.jpg 300w, https:\/\/www.canoe-jaunay.fr\/wp-content\/uploads\/2021\/06\/lac-1-768x512.jpg 768w, https:\/\/www.canoe-jaunay.fr\/wp-content\/uploads\/2021\/06\/lac-1-705x470.jpg 705w\" sizes=\"auto, (max-width: 1024px) 100vw, 1024px\" \/><\/p>\n<\/div><\/section><\/div><\/p>\n\n<style type=\"text\/css\" data-created_by=\"avia_inline_auto\" id=\"style-css-av-4j0609-f43c4a47b3c68a83716eb69f5d2dc957\">\n#top .hr.hr-invisible.av-4j0609-f43c4a47b3c68a83716eb69f5d2dc957{\nheight:25px;\n}\n<\/style>\n<div  class='hr av-4j0609-f43c4a47b3c68a83716eb69f5d2dc957 hr-invisible  avia-builder-el-9  el_after_av_one_half  el_before_av_textblock '><span class='hr-inner '><span class=\"hr-inner-style\"><\/span><\/span><\/div>\n\n<style type=\"text\/css\" data-created_by=\"avia_inline_auto\" id=\"style-css-av-4g94f5-5bc25c8f9556a532aa912b7c51bf7098\">\n#top .av_textblock_section.av-4g94f5-5bc25c8f9556a532aa912b7c51bf7098 .avia_textblock{\nfont-size:20px;\n}\n<\/style>\n<section  class='av_textblock_section av-4g94f5-5bc25c8f9556a532aa912b7c51bf7098 '   itemscope=\"itemscope\" itemtype=\"https:\/\/schema.org\/CreativeWork\" ><div class='avia_textblock'  itemprop=\"text\" ><p style=\"text-align: center;\"><em><img loading=\"lazy\" decoding=\"async\" class=\"alignnone wp-image-99\" src=\"https:\/\/www.canoe-jaunay.fr\/wp-content\/uploads\/2021\/06\/guillemets-300x239.png\" alt=\"\" width=\"65\" height=\"52\" srcset=\"https:\/\/www.canoe-jaunay.fr\/wp-content\/uploads\/2021\/06\/guillemets-300x239.png 300w, https:\/\/www.canoe-jaunay.fr\/wp-content\/uploads\/2021\/06\/guillemets-768x612.png 768w, https:\/\/www.canoe-jaunay.fr\/wp-content\/uploads\/2021\/06\/guillemets-495x400.png 495w, https:\/\/www.canoe-jaunay.fr\/wp-content\/uploads\/2021\/06\/guillemets-845x684.png 845w, https:\/\/www.canoe-jaunay.fr\/wp-content\/uploads\/2021\/06\/guillemets-705x562.png 705w, https:\/\/www.canoe-jaunay.fr\/wp-content\/uploads\/2021\/06\/guillemets.png 992w\" sizes=\"auto, (max-width: 65px) 100vw, 65px\" \/>\u00a0 \u00a0 \u00a0Enjoy being together in a unique environment <\/em><\/p>\n<\/div><\/section>\n<\/div><\/div><\/div><!-- close content main div --><\/div><\/div><div id='av_section_2'  class='avia-section av-45wgix-5c1164f357c47a6b23b16db16609b261 alternate_color avia-section-default avia-no-border-styling  avia-builder-el-11  el_after_av_textblock  el_before_av_section  avia-bg-style-fixed container_wrap sidebar_right'  ><div class='container av-section-cont-open' ><div class='template-page content  av-content-small alpha units'><div class='post-entry post-entry-type-page post-entry-193'><div class='entry-content-wrapper clearfix'>\n\n<style type=\"text\/css\" data-created_by=\"avia_inline_auto\" id=\"style-css-av-eh1v5-856931ab6c2f8444c0563a757e069d77\">\n.flex_column.av-eh1v5-856931ab6c2f8444c0563a757e069d77{\nborder-radius:0px 0px 0px 0px;\npadding:0px 0px 0px 0px;\n}\n<\/style>\n<div  class='flex_column av-eh1v5-856931ab6c2f8444c0563a757e069d77 av_one_full  avia-builder-el-12  avia-builder-el-no-sibling  first flex_column_div av-zero-column-padding  '     ><p>\n<style type=\"text\/css\" data-created_by=\"avia_inline_auto\" id=\"style-css-av-3x9qkh-1882abd4d14aedb6772f41d86ea75463\">\n#top .av-special-heading.av-3x9qkh-1882abd4d14aedb6772f41d86ea75463{\npadding-bottom:10px;\n}\nbody .av-special-heading.av-3x9qkh-1882abd4d14aedb6772f41d86ea75463 .av-special-heading-tag .heading-char{\nfont-size:25px;\n}\n.av-special-heading.av-3x9qkh-1882abd4d14aedb6772f41d86ea75463 .av-subheading{\nfont-size:15px;\n}\n<\/style>\n<div  class='av-special-heading av-3x9qkh-1882abd4d14aedb6772f41d86ea75463 av-special-heading-h2 blockquote modern-quote  avia-builder-el-13  el_before_av_textblock  avia-builder-el-first '><h2 class='av-special-heading-tag '  itemprop=\"headline\"  >2 Departure bases for your journeys<\/h2><div class=\"special-heading-border\"><div class=\"special-heading-inner-border\"><\/div><\/div><\/div><br \/>\n<section  class='av_textblock_section av-3rwrt5-48394c66a9fed746fb6cee552de16510 '   itemscope=\"itemscope\" itemtype=\"https:\/\/schema.org\/CreativeWork\" ><div class='avia_textblock'  itemprop=\"text\" ><p>Les Cano\u00ebs du Jaunay has 2 sales points on each side of the lake : Le Pr\u00e9 base at La Chapelle Hermier and La Baudri\u00e8re base at Saint-Julien-des-Landes.<\/p>\n<\/div><\/section><\/p><\/div>\n\n<\/div><\/div><\/div><!-- close content main div --><\/div><\/div><div id='av_section_3'  class='avia-section av-3mkx69-825f877f44d9583cd90481ae30da9115 main_color avia-section-default avia-no-border-styling  avia-builder-el-15  el_after_av_section  el_before_av_section  avia-bg-style-scroll container_wrap sidebar_right'  ><div class='container av-section-cont-open' ><div class='template-page content  av-content-small alpha units'><div class='post-entry post-entry-type-page post-entry-193'><div class='entry-content-wrapper clearfix'>\n\n<style type=\"text\/css\" data-created_by=\"avia_inline_auto\" id=\"style-css-av-3c33bl-c999608b5ef74411aa079badc005f9d2\">\n.flex_column.av-3c33bl-c999608b5ef74411aa079badc005f9d2{\nborder-radius:0px 0px 0px 0px;\npadding:0px 0px 0px 0px;\n}\n<\/style>\n<div  class='flex_column av-3c33bl-c999608b5ef74411aa079badc005f9d2 av_one_half  avia-builder-el-16  el_before_av_one_half  avia-builder-el-first  first flex_column_div av-zero-column-padding  '     ><p>\n<style type=\"text\/css\" data-created_by=\"avia_inline_auto\" id=\"style-css-av-37yhs9-1e4e8233aa1fc5d642529e2d2c39ae7b\">\n#top .av-special-heading.av-37yhs9-1e4e8233aa1fc5d642529e2d2c39ae7b{\npadding-bottom:10px;\ncolor:#98c11d;\n}\nbody .av-special-heading.av-37yhs9-1e4e8233aa1fc5d642529e2d2c39ae7b .av-special-heading-tag .heading-char{\nfont-size:25px;\n}\n.av-special-heading.av-37yhs9-1e4e8233aa1fc5d642529e2d2c39ae7b .special-heading-inner-border{\nborder-color:#98c11d;\n}\n.av-special-heading.av-37yhs9-1e4e8233aa1fc5d642529e2d2c39ae7b .av-subheading{\nfont-size:15px;\n}\n<\/style>\n<div  class='av-special-heading av-37yhs9-1e4e8233aa1fc5d642529e2d2c39ae7b av-special-heading-h3 custom-color-heading blockquote modern-quote modern-centered  avia-builder-el-17  el_before_av_textblock  avia-builder-el-first '><h3 class='av-special-heading-tag '  itemprop=\"headline\"  >Base du pr\u00e9 \u00e0 La Chapelle-Hermier<\/h3><div class=\"special-heading-border\"><div class=\"special-heading-inner-border\"><\/div><\/div><\/div><br \/>\n<section  class='av_textblock_section av-33c8g1-8b25fbad147a64c71892214000201412 '   itemscope=\"itemscope\" itemtype=\"https:\/\/schema.org\/CreativeWork\" ><div class='avia_textblock'  itemprop=\"text\" ><p>OPEN EVERYDAY from 10 AM a\u0300 1 PM and from 2 PM a\u0300 6PM in July and in August.<\/p>\n<p>In order to come visit us, you must take the direction of Le Lac du Jaunay \u2013 right bank on La Chapelle Hermier side then take the direction of Le Pr\u00e9.<br \/>\nThe base is located at the end of the road next to the Jaunay Auberge.<\/p>\n<\/div><\/section><\/p><\/div>\n<style type=\"text\/css\" data-created_by=\"avia_inline_auto\" id=\"style-css-av-2wm3mh-82b01df1456745fafbe61477c2abc4d8\">\n.flex_column.av-2wm3mh-82b01df1456745fafbe61477c2abc4d8{\nborder-radius:0px 0px 0px 0px;\npadding:0px 0px 0px 0px;\n}\n<\/style>\n<div  class='flex_column av-2wm3mh-82b01df1456745fafbe61477c2abc4d8 av_one_half  avia-builder-el-19  el_after_av_one_half  el_before_av_one_half  flex_column_div av-zero-column-padding  '     ><p>\n<style type=\"text\/css\" data-created_by=\"avia_inline_auto\" id=\"style-css-av-2rxydt-63e863ac7782b6544885c1392ebe2a83\">\n#top .av-special-heading.av-2rxydt-63e863ac7782b6544885c1392ebe2a83{\npadding-bottom:10px;\ncolor:#98c11d;\n}\nbody .av-special-heading.av-2rxydt-63e863ac7782b6544885c1392ebe2a83 .av-special-heading-tag .heading-char{\nfont-size:25px;\n}\n.av-special-heading.av-2rxydt-63e863ac7782b6544885c1392ebe2a83 .special-heading-inner-border{\nborder-color:#98c11d;\n}\n.av-special-heading.av-2rxydt-63e863ac7782b6544885c1392ebe2a83 .av-subheading{\nfont-size:15px;\n}\n<\/style>\n<div  class='av-special-heading av-2rxydt-63e863ac7782b6544885c1392ebe2a83 av-special-heading-h3 custom-color-heading blockquote modern-quote modern-centered  avia-builder-el-20  el_before_av_textblock  avia-builder-el-first '><h3 class='av-special-heading-tag '  itemprop=\"headline\"  >Base de la Baudri\u00e8re \u00e0 Saint Julien des Landes<\/h3><div class=\"special-heading-border\"><div class=\"special-heading-inner-border\"><\/div><\/div><\/div><br \/>\n<section  class='av_textblock_section av-2jcjht-f14c6f1073db8c6f990b4a9650088cdb '   itemscope=\"itemscope\" itemtype=\"https:\/\/schema.org\/CreativeWork\" ><div class='avia_textblock'  itemprop=\"text\" ><p>OPEN EVERYDAY from 10AM and 1PM and from 2 PM to 6 PM in July and August.<\/p>\n<p>In order to come, take the direction of Le Lac du Jaunay \u2013 right bank. The base is located at the bridge which crosses over Le Lac du Jaunay.<\/p>\n<\/div><\/section><\/p><\/div>\n<style type=\"text\/css\" data-created_by=\"avia_inline_auto\" id=\"style-css-av-2cuvgh-cefc8189c6373bbe59393679e4d53833\">\n.flex_column.av-2cuvgh-cefc8189c6373bbe59393679e4d53833{\nborder-radius:0px 0px 0px 0px;\npadding:0px 0px 0px 0px;\n}\n<\/style>\n<div  class='flex_column av-2cuvgh-cefc8189c6373bbe59393679e4d53833 av_one_half  avia-builder-el-22  el_after_av_one_half  el_before_av_one_half  first flex_column_div av-zero-column-padding  column-top-margin'     ><\/div>\n<style type=\"text\/css\" data-created_by=\"avia_inline_auto\" id=\"style-css-av-7bvdl-7bebc1fdf5890baacdf344f1822883d1\">\n.flex_column.av-7bvdl-7bebc1fdf5890baacdf344f1822883d1{\nborder-radius:0px 0px 0px 0px;\npadding:0px 0px 0px 0px;\n}\n<\/style>\n<div  class='flex_column av-7bvdl-7bebc1fdf5890baacdf344f1822883d1 av_one_half  avia-builder-el-24  el_after_av_one_half  avia-builder-el-last  flex_column_div av-zero-column-padding  column-top-margin'     ><\/div>\n\n<\/div><\/div><\/div><!-- close content main div --><\/div><\/div><div id='av_section_4'  class='avia-section av-1st7ip-c228a4ebe1c3ba9f7f36480cbf9f563c main_color avia-section-default avia-no-border-styling  avia-builder-el-26  el_after_av_section  avia-builder-el-last  avia-bg-style-scroll container_wrap sidebar_right'  ><div class='container av-section-cont-open' ><div class='template-page content  av-content-small alpha units'><div class='post-entry post-entry-type-page post-entry-193'><div class='entry-content-wrapper clearfix'>\n\n<style type=\"text\/css\" data-created_by=\"avia_inline_auto\" id=\"style-css-av-1lzlp5-a2834b041674e4f104b9ab3795edf1e4\">\n.flex_column.av-1lzlp5-a2834b041674e4f104b9ab3795edf1e4{\nborder-radius:0px 0px 0px 0px;\npadding:0px 0px 0px 0px;\n}\n<\/style>\n<div  class='flex_column av-1lzlp5-a2834b041674e4f104b9ab3795edf1e4 av_one_half  avia-builder-el-27  el_before_av_one_half  avia-builder-el-first  first flex_column_div av-zero-column-padding  '     ><p>\n<style type=\"text\/css\" data-created_by=\"avia_inline_auto\" id=\"style-css-av-1f36sp-a50de78d0f033c8a8708d2f61e63a6bf\">\n#top .av-special-heading.av-1f36sp-a50de78d0f033c8a8708d2f61e63a6bf{\npadding-bottom:10px;\nfont-size:25px;\n}\nbody .av-special-heading.av-1f36sp-a50de78d0f033c8a8708d2f61e63a6bf .av-special-heading-tag .heading-char{\nfont-size:25px;\n}\n#top #wrap_all .av-special-heading.av-1f36sp-a50de78d0f033c8a8708d2f61e63a6bf .av-special-heading-tag{\nfont-size:25px;\n}\n.av-special-heading.av-1f36sp-a50de78d0f033c8a8708d2f61e63a6bf .av-subheading{\nfont-size:15px;\n}\n\n@media only screen and (min-width: 480px) and (max-width: 767px){ \n#top #wrap_all .av-special-heading.av-1f36sp-a50de78d0f033c8a8708d2f61e63a6bf .av-special-heading-tag{\nfont-size:0.8em;\n}\n}\n\n@media only screen and (max-width: 479px){ \n#top #wrap_all .av-special-heading.av-1f36sp-a50de78d0f033c8a8708d2f61e63a6bf .av-special-heading-tag{\nfont-size:0.8em;\n}\n}\n<\/style>\n<div  class='av-special-heading av-1f36sp-a50de78d0f033c8a8708d2f61e63a6bf av-special-heading-h2 blockquote modern-quote  avia-builder-el-28  el_before_av_textblock  avia-builder-el-first  av-inherit-size'><h2 class='av-special-heading-tag '  itemprop=\"headline\"  >Canoe\/pedal boats rental and several activities on site<\/h2><div class=\"special-heading-border\"><div class=\"special-heading-inner-border\"><\/div><\/div><\/div><br \/>\n<section  class='av_textblock_section av-16ii55-2405fa36ffa8d109278efbea42b06174 '   itemscope=\"itemscope\" itemtype=\"https:\/\/schema.org\/CreativeWork\" ><div class='avia_textblock'  itemprop=\"text\" ><p>Les Cano\u00ebs du Jaunay and its lake are full of activities to spend a convivial day : picnic area, drinks and ice cream for sale at La Baudri\u00e8re, free parking, many activities to improvise : fishing, cycling, hiking, geocoaching. A restaurant is also open to have lunch on site.<\/p>\n<\/div><\/section><\/p><\/div>\n<style type=\"text\/css\" data-created_by=\"avia_inline_auto\" id=\"style-css-av-10lbrd-6fa9ccc77ed708a09b7b98c68d2da7ea\">\n.flex_column.av-10lbrd-6fa9ccc77ed708a09b7b98c68d2da7ea{\nborder-radius:0px 0px 0px 0px;\npadding:0px 0px 0px 0px;\n}\n<\/style>\n<div  class='flex_column av-10lbrd-6fa9ccc77ed708a09b7b98c68d2da7ea av_one_half  avia-builder-el-30  el_after_av_one_half  avia-builder-el-last  flex_column_div av-zero-column-padding  '     ><div  class='avia-slideshow av-xoim1-a820915e8047e34e36a00b41587b7dc6 avia-slideshow-featured av_slideshow avia-slide-slider  avia-builder-el-31  avia-builder-el-no-sibling  av-slideshow-ui av-control-default av-slideshow-manual av-loop-once av-loop-manual-endless av-default-height-applied avia-slideshow-1' data-slideshow-options=\"{&quot;animation&quot;:&quot;slide&quot;,&quot;autoplay&quot;:false,&quot;loop_autoplay&quot;:&quot;once&quot;,&quot;interval&quot;:5,&quot;loop_manual&quot;:&quot;manual-endless&quot;,&quot;autoplay_stopper&quot;:false,&quot;noNavigation&quot;:false,&quot;bg_slider&quot;:false,&quot;keep_padding&quot;:false,&quot;hoverpause&quot;:false,&quot;show_slide_delay&quot;:0}\"  itemprop=\"image\" itemscope=\"itemscope\" itemtype=\"https:\/\/schema.org\/ImageObject\" ><ul class='avia-slideshow-inner ' style='padding-bottom: 40.952380952381%;'><li  class='avia-slideshow-slide av-xoim1-a820915e8047e34e36a00b41587b7dc6__0  slide-1 slide-odd'><div data-rel='slideshow-1' class='avia-slide-wrap '   ><img decoding=\"async\" fetchpriority=\"high\" class=\"wp-image-133 avia-img-lazy-loading-not-133\"  src=\"https:\/\/www.canoe-jaunay.fr\/wp-content\/uploads\/2021\/06\/pin-parasol-2-basse-def-99-sur-119-1050x430.jpg\" width=\"1050\" height=\"430\" title='pin-parasol-2-basse-def (99 sur 119)' alt=''  itemprop=\"thumbnailUrl\"   \/><\/div><\/li><li  class='avia-slideshow-slide av-xoim1-a820915e8047e34e36a00b41587b7dc6__1  slide-2 slide-even'><div data-rel='slideshow-1' class='avia-slide-wrap '   ><img decoding=\"async\" fetchpriority=\"high\" class=\"wp-image-113 avia-img-lazy-loading-not-113\"  src=\"https:\/\/www.canoe-jaunay.fr\/wp-content\/uploads\/2021\/06\/pin-parasol-2-basse-def-56-sur-119-1050x430.jpg\" width=\"1050\" height=\"430\" title='pin-parasol-2-basse-def (56 sur 119)' alt=''  itemprop=\"thumbnailUrl\"   \/><\/div><\/li><li  class='avia-slideshow-slide av-xoim1-a820915e8047e34e36a00b41587b7dc6__2  slide-3 slide-odd'><div data-rel='slideshow-1' class='avia-slide-wrap '   ><img decoding=\"async\" fetchpriority=\"high\" class=\"wp-image-117 avia-img-lazy-loading-not-117\"  src=\"https:\/\/www.canoe-jaunay.fr\/wp-content\/uploads\/2021\/06\/pin-parasol-2-basse-def-59-sur-119-1050x430.jpg\" width=\"1050\" height=\"430\" title='pin-parasol-2-basse-def (59 sur 119)' alt=''  itemprop=\"thumbnailUrl\"   \/><\/div><\/li><li  class='avia-slideshow-slide av-xoim1-a820915e8047e34e36a00b41587b7dc6__3  slide-4 slide-even'><div data-rel='slideshow-1' class='avia-slide-wrap '   ><img decoding=\"async\" fetchpriority=\"high\" class=\"wp-image-119 avia-img-lazy-loading-not-119\"  src=\"https:\/\/www.canoe-jaunay.fr\/wp-content\/uploads\/2021\/06\/pin-parasol-2-basse-def-64-sur-119-1050x430.jpg\" width=\"1050\" height=\"430\" title='pin-parasol-2-basse-def (64 sur 119)' alt=''  itemprop=\"thumbnailUrl\"   \/><\/div><\/li><\/ul><div class='avia-slideshow-arrows avia-slideshow-controls' ><a href='#prev' class='prev-slide  avia-svg-icon avia-font-svg_entypo-fontello' data-av_svg_icon='left-open-big' data-av_iconset='svg_entypo-fontello' tabindex='-1' title=\"Previous\"><svg version=\"1.1\" xmlns=\"http:\/\/www.w3.org\/2000\/svg\" width=\"15\" height=\"32\" viewBox=\"0 0 15 32\" preserveAspectRatio=\"xMidYMid meet\" aria-labelledby='av-svg-title-1' aria-describedby='av-svg-desc-1' role=\"graphics-symbol\" aria-hidden=\"true\">\n<title id='av-svg-title-1'>Previous<\/title>\n<desc id='av-svg-desc-1'>Previous<\/desc>\n<path d=\"M14.464 27.84q0.832 0.832 0 1.536-0.832 0.832-1.536 0l-12.544-12.608q-0.768-0.768 0-1.6l12.544-12.608q0.704-0.832 1.536 0 0.832 0.704 0 1.536l-11.456 11.904z\"><\/path>\n<\/svg><span class='avia_hidden_link_text'>Previous<\/span><\/a><a href='#next' class='next-slide  avia-svg-icon avia-font-svg_entypo-fontello' data-av_svg_icon='right-open-big' data-av_iconset='svg_entypo-fontello' tabindex='-1' title=\"Next\"><svg version=\"1.1\" xmlns=\"http:\/\/www.w3.org\/2000\/svg\" width=\"15\" height=\"32\" viewBox=\"0 0 15 32\" preserveAspectRatio=\"xMidYMid meet\" aria-labelledby='av-svg-title-2' aria-describedby='av-svg-desc-2' role=\"graphics-symbol\" aria-hidden=\"true\">\n<title id='av-svg-title-2'>Next<\/title>\n<desc id='av-svg-desc-2'>Next<\/desc>\n<path d=\"M0.416 27.84l11.456-11.84-11.456-11.904q-0.832-0.832 0-1.536 0.832-0.832 1.536 0l12.544 12.608q0.768 0.832 0 1.6l-12.544 12.608q-0.704 0.832-1.536 0-0.832-0.704 0-1.536z\"><\/path>\n<\/svg><span class='avia_hidden_link_text'>Next<\/span><\/a><\/div><div class='avia-slideshow-dots avia-slideshow-controls'><a href='#1' class='goto-slide active' >1<\/a><a href='#2' class='goto-slide ' >2<\/a><a href='#3' class='goto-slide ' >3<\/a><a href='#4' class='goto-slide ' >4<\/a><\/div><\/div><\/div>\n<\/div><\/div><\/div><!-- close content main div --><\/div><\/div><div id='after_section_4'  class='main_color av_default_container_wrap container_wrap sidebar_right'  ><div class='container av-section-cont-open' ><div class='template-page content  av-content-small alpha units'><div class='post-entry post-entry-type-page post-entry-193'><div class='entry-content-wrapper clearfix'>\n","protected":false},"excerpt":{"rendered":"","protected":false},"author":3,"featured_media":0,"parent":0,"menu_order":0,"comment_status":"closed","ping_status":"closed","template":"","meta":{"footnotes":""},"class_list":["post-193","page","type-page","status-publish","hentry"],"_links":{"self":[{"href":"https:\/\/www.canoe-jaunay.fr\/en\/wp-json\/wp\/v2\/pages\/193","targetHints":{"allow":["GET"]}}],"collection":[{"href":"https:\/\/www.canoe-jaunay.fr\/en\/wp-json\/wp\/v2\/pages"}],"about":[{"href":"https:\/\/www.canoe-jaunay.fr\/en\/wp-json\/wp\/v2\/types\/page"}],"author":[{"embeddable":true,"href":"https:\/\/www.canoe-jaunay.fr\/en\/wp-json\/wp\/v2\/users\/3"}],"replies":[{"embeddable":true,"href":"https:\/\/www.canoe-jaunay.fr\/en\/wp-json\/wp\/v2\/comments?post=193"}],"version-history":[{"count":7,"href":"https:\/\/www.canoe-jaunay.fr\/en\/wp-json\/wp\/v2\/pages\/193\/revisions"}],"predecessor-version":[{"id":359,"href":"https:\/\/www.canoe-jaunay.fr\/en\/wp-json\/wp\/v2\/pages\/193\/revisions\/359"}],"wp:attachment":[{"href":"https:\/\/www.canoe-jaunay.fr\/en\/wp-json\/wp\/v2\/media?parent=193"}],"curies":[{"name":"wp","href":"https:\/\/api.w.org\/{rel}","templated":true}]}}